{"id":1288,"date":"2026-03-18T00:30:51","date_gmt":"2026-03-17T21:30:51","guid":{"rendered":"http:\/\/namli.av.tr\/about\/"},"modified":"2026-04-17T14:02:07","modified_gmt":"2026-04-17T11:02:07","slug":"about-us","status":"publish","type":"page","link":"http:\/\/namli.av.tr\/tr\/about-us\/","title":{"rendered":"Hakk\u0131m\u0131zda"},"content":{"rendered":"<div data-elementor-type=\"wp-page\" data-elementor-id=\"1288\" class=\"elementor elementor-1288\">\n\t\t\t\t<div class=\"elementor-element elementor-element-30a2f9f e-con-full e-flex e-con e-parent\" data-id=\"30a2f9f\" data-element_type=\"container\" data-e-type=\"container\" data-settings=\"{&quot;background_background&quot;:&quot;classic&quot;}\">\n\t\t\t\t<\/div>\n\t\t<div class=\"elementor-element elementor-element-4602706 e-flex e-con-boxed e-con e-parent\" data-id=\"4602706\" data-element_type=\"container\" data-e-type=\"container\" data-settings=\"{&quot;background_background&quot;:&quot;classic&quot;}\">\n\t\t\t\t\t<div class=\"e-con-inner\">\n\t\t<div class=\"elementor-element elementor-element-cbf17be e-con-full e-flex e-con e-child\" data-id=\"cbf17be\" data-element_type=\"container\" data-e-type=\"container\">\n\t\t\t\t<div class=\"elementor-element elementor-element-d696e4b elementor-widget elementor-widget-text-editor\" data-id=\"d696e4b\" data-element_type=\"widget\" data-e-type=\"widget\" data-widget_type=\"text-editor.default\">\n\t\t\t\t<div class=\"elementor-widget-container\">\n\t\t\t\t\t\t\t\t\t<p><span style=\"font-weight: 400;\">Naml\u0131 Hukuk B\u00fcrosu, farkl\u0131 sekt\u00f6rlerde faaliyet g\u00f6steren ulusal ve uluslararas\u0131 m\u00fcvekkillerine butik hizmet anlay\u0131\u015f\u0131yla kapsaml\u0131 ve nitelikli hukuki dan\u0131\u015fmanl\u0131k sunan bir hukuk b\u00fcrosudur.<\/span><\/p><p><span style=\"font-weight: 400;\">M\u00fcvekkillerimizin hukuki ihtiya\u00e7lar\u0131n\u0131 yaln\u0131zca mevzuat \u00e7er\u00e7evesinde de\u011fil, ticari ve ki\u015fisel hedefleriyle birlikte ele al\u0131yor; bu do\u011frultuda stratejik, uygulanabilir ve sonu\u00e7 odakl\u0131 \u00e7\u00f6z\u00fcmler geli\u015ftiriyoruz. Hukuku, teknik bir disiplin olman\u0131n \u00f6tesinde, \u00f6ng\u00f6r\u00fc ve deneyimle \u015fekillenen bir dan\u0131\u015fmanl\u0131k alan\u0131 olarak de\u011ferlendiriyoruz. Faaliyetlerimizin temelinde mesleki etik ilkelere ba\u011fl\u0131l\u0131k, g\u00fcven esas\u0131na dayal\u0131 ili\u015fkiler ve her m\u00fcvekkile \u00f6zg\u00fc \u00e7\u00f6z\u00fcm geli\u015ftirme yakla\u015f\u0131m\u0131 yer almaktad\u0131r.<\/span><\/p><p><span style=\"font-weight: 400;\">Uyu\u015fmazl\u0131k \u00e7\u00f6z\u00fcm\u00fc alan\u0131nda g\u00fc\u00e7l\u00fc litigation prati\u011fimizle m\u00fcvekkillerimize kapsaml\u0131 bir temsil sunmaktay\u0131z. Dava takibi s\u00fcre\u00e7lerinde, farkl\u0131 sekt\u00f6rlere yay\u0131lan tecr\u00fcbemizle her uyu\u015fmazl\u0131\u011f\u0131 kendi dinamikleri i\u00e7inde analiz ederek s\u00fcrecin ba\u015f\u0131ndan itibaren stratejik bir yol haritas\u0131 olu\u015fturuyor; yarg\u0131laman\u0131n her safhas\u0131nda etkin ve kararl\u0131 bir temsil sa\u011flayarak m\u00fcvekkillerimizin hak ve menfaatlerini en \u00fcst d\u00fczeyde korumay\u0131 hedefliyoruz.<\/span><\/p><p><span style=\"font-weight: 400;\">\u00c7al\u0131\u015fma alanlar\u0131m\u0131z\u0131n merkezinde \u015firketler hukuku yer almakta olup \u015firketlerin kurulu\u015fundan yeniden yap\u0131land\u0131r\u0131lmas\u0131na kadar t\u00fcm s\u00fcre\u00e7lerde b\u00fct\u00fcnc\u00fcl bir hukuki destek sa\u011flamaktay\u0131z. Bununla birlikte, \u00f6zel hukuk alan\u0131nda derinle\u015fmi\u015f bir uzmanl\u0131\u011fa sahibiz. Bor\u00e7lar hukuku kapsam\u0131nda s\u00f6zle\u015fmelerin haz\u0131rlanmas\u0131, m\u00fczakeresi ve yorumlanmas\u0131n\u0131n yan\u0131 s\u0131ra s\u00f6zle\u015fmesel uyu\u015fmazl\u0131klar\u0131n \u00e7\u00f6z\u00fcm\u00fcnde etkin rol \u00fcstleniyoruz. \u0130cra ve iflas hukuku alan\u0131nda alacaklar\u0131n tahsili, takip s\u00fcre\u00e7lerinin y\u00fcr\u00fct\u00fclmesi ile yeniden yap\u0131land\u0131rma ve iflas s\u00fcre\u00e7lerini titizlikle y\u00f6netiyoruz. Aile ve ki\u015filer hukukunda, hassasiyet gerektiren uyu\u015fmazl\u0131klarda hem hukuki hem de insani boyutu g\u00f6zeten bir yakla\u015f\u0131m benimsiyor; bo\u015fanma, mal rejimi, velayet ve ki\u015fisel ili\u015fki kurulmas\u0131 gibi s\u00fcre\u00e7leri \u00f6zenle y\u00fcr\u00fct\u00fcyoruz. Miras ve e\u015fya hukuku alan\u0131nda ise miras payla\u015f\u0131m ve uyu\u015fmazl\u0131k \u00e7\u00f6z\u00fcm\u00fcne, ayni haklara ili\u015fkin ihtilaflardan ta\u015f\u0131nmazlara y\u00f6nelik s\u00fcre\u00e7lere kadar geni\u015f bir kapsamda hukuki destek sunuyoruz.\n<br><br>\nB\u00fcromuz ayr\u0131ca sermaye piyasas\u0131 hukuku alan\u0131nda, \u015firketlerin halka arz ve borsaya kote olma s\u00fcre\u00e7lerinde mevzuata uyumun sa\u011flanmas\u0131 ve d\u00fczenleyici otoriteler nezdindeki izin s\u00fcre\u00e7lerinin y\u00fcr\u00fct\u00fclmesinde aktif rol \u00fcstlenmektedir\n<br><br>\nBunun yan\u0131 s\u0131ra birle\u015fme ve devralmalar (M&amp;A), stratejik yat\u0131r\u0131mlar, kurumsal yap\u0131 ve y\u00f6netim, e-ticaret, ki\u015fisel verilerin korunmas\u0131, gayrimenkul ve rekabet hukuku ile ticari uyu\u015fmazl\u0131klar alanlar\u0131nda da g\u00fc\u00e7l\u00fc bir deneyime sahibiz.<\/span><\/p><p><span style=\"font-weight: 400;\">Yer ald\u0131\u011f\u0131m\u0131z \u00e7ok tarafl\u0131 ve kapsaml\u0131 projelerden edindi\u011fimiz tecr\u00fcbeyle, stratejik hukuki dan\u0131\u015fmanl\u0131k ve etkin s\u00fcre\u00e7 y\u00f6netimi sunarak m\u00fcvekkillerimize s\u00fcrd\u00fcr\u00fclebilir de\u011fer katmaya devam ediyoruz.<\/span><\/p>\t\t\t\t\t\t\t\t<\/div>\n\t\t\t\t<\/div>\n\t\t\t\t<\/div>\n\t\t\t\t\t<\/div>\n\t\t\t\t<\/div>\n\t\t\t\t<\/div>","protected":false},"excerpt":{"rendered":"<p>Naml\u0131 Law Firm &amp; Partnes Law Firm is a boutique law firm providing comprehensive legal services to national and international [&hellip;]<\/p>\n","protected":false},"author":1,"featured_media":0,"parent":0,"menu_order":0,"comment_status":"closed","ping_status":"closed","template":"","meta":{"site-sidebar-layout":"no-sidebar","site-content-layout":"","ast-site-content-layout":"full-width-container","site-content-style":"default","site-sidebar-style":"default","ast-global-header-display":"","ast-banner-title-visibility":"","ast-main-header-display":"","ast-hfb-above-header-display":"","ast-hfb-below-header-display":"","ast-hfb-mobile-header-display":"","site-post-title":"disabled","ast-breadcrumbs-content":"","ast-featured-img":"disabled","footer-sml-layout":"","ast-disable-related-posts":"","theme-transparent-header-meta":"","adv-header-id-meta":"","stick-header-meta":"","header-above-stick-meta":"","header-main-stick-meta":"","header-below-stick-meta":"","astra-migrate-meta-layouts":"default","ast-page-background-enabled":"default","ast-page-background-meta":{"desktop":{"background-color":"var(--ast-global-color-4)","background-image":"","background-repeat":"repeat","background-position":"center center","background-size":"auto","background-attachment":"scroll","background-type":"","background-media":"","overlay-type":"","overlay-color":"","overlay-opacity":"","overlay-gradient":""},"tablet":{"background-color":"","background-image":"","background-repeat":"repeat","background-position":"center center","background-size":"auto","background-attachment":"scroll","background-type":"","background-media":"","overlay-type":"","overlay-color":"","overlay-opacity":"","overlay-gradient":""},"mobile":{"background-color":"","background-image":"","background-repeat":"repeat","background-position":"center center","background-size":"auto","background-attachment":"scroll","background-type":"","background-media":"","overlay-type":"","overlay-color":"","overlay-opacity":"","overlay-gradient":""}},"ast-content-background-meta":{"desktop":{"background-color":"var(--ast-global-color-5)","background-image":"","background-repeat":"repeat","background-position":"center center","background-size":"auto","background-attachment":"scroll","background-type":"","background-media":"","overlay-type":"","overlay-color":"","overlay-opacity":"","overlay-gradient":""},"tablet":{"background-color":"var(--ast-global-color-5)","background-image":"","background-repeat":"repeat","background-position":"center center","background-size":"auto","background-attachment":"scroll","background-type":"","background-media":"","overlay-type":"","overlay-color":"","overlay-opacity":"","overlay-gradient":""},"mobile":{"background-color":"var(--ast-global-color-5)","background-image":"","background-repeat":"repeat","background-position":"center center","background-size":"auto","background-attachment":"scroll","background-type":"","background-media":"","overlay-type":"","overlay-color":"","overlay-opacity":"","overlay-gradient":""}},"footnotes":""},"class_list":["post-1288","page","type-page","status-publish","hentry"],"_links":{"self":[{"href":"http:\/\/namli.av.tr\/tr\/wp-json\/wp\/v2\/pages\/1288","targetHints":{"allow":["GET"]}}],"collection":[{"href":"http:\/\/namli.av.tr\/tr\/wp-json\/wp\/v2\/pages"}],"about":[{"href":"http:\/\/namli.av.tr\/tr\/wp-json\/wp\/v2\/types\/page"}],"author":[{"embeddable":true,"href":"http:\/\/namli.av.tr\/tr\/wp-json\/wp\/v2\/users\/1"}],"replies":[{"embeddable":true,"href":"http:\/\/namli.av.tr\/tr\/wp-json\/wp\/v2\/comments?post=1288"}],"version-history":[{"count":37,"href":"http:\/\/namli.av.tr\/tr\/wp-json\/wp\/v2\/pages\/1288\/revisions"}],"predecessor-version":[{"id":1537,"href":"http:\/\/namli.av.tr\/tr\/wp-json\/wp\/v2\/pages\/1288\/revisions\/1537"}],"wp:attachment":[{"href":"http:\/\/namli.av.tr\/tr\/wp-json\/wp\/v2\/media?parent=1288"}],"curies":[{"name":"wp","href":"https:\/\/api.w.org\/{rel}","templated":true}]}}