{"id":1473,"date":"2026-04-01T20:11:26","date_gmt":"2026-04-01T17:11:26","guid":{"rendered":"http:\/\/namli.av.tr\/?page_id=1473"},"modified":"2026-04-17T16:15:15","modified_gmt":"2026-04-17T13:15:15","slug":"zeynep-nur-cengiz","status":"publish","type":"page","link":"http:\/\/namli.av.tr\/tr\/zeynep-nur-cengiz\/","title":{"rendered":"Zeynep Nur Cengiz"},"content":{"rendered":"<div data-elementor-type=\"wp-page\" data-elementor-id=\"1473\" class=\"elementor elementor-1473\">\n\t\t\t\t<div class=\"elementor-element elementor-element-127f2a1 e-con-full e-flex e-con e-parent\" data-id=\"127f2a1\" data-element_type=\"container\" data-e-type=\"container\" data-settings=\"{&quot;background_background&quot;:&quot;classic&quot;}\">\n\t\t<div class=\"elementor-element elementor-element-e92a02a e-con-full e-flex e-con e-child\" data-id=\"e92a02a\" data-element_type=\"container\" data-e-type=\"container\">\n\t\t\t\t<div class=\"elementor-element elementor-element-e46b108 elementor-widget elementor-widget-image\" data-id=\"e46b108\" data-element_type=\"widget\" data-e-type=\"widget\" data-widget_type=\"image.default\">\n\t\t\t\t<div class=\"elementor-widget-container\">\n\t\t\t\t\t\t\t\t\t\t\t\t\t\t\t<img fetchpriority=\"high\" decoding=\"async\" width=\"819\" height=\"1024\" src=\"http:\/\/namli.av.tr\/wp-content\/uploads\/2026\/04\/3-819x1024.png\" class=\"attachment-large size-large wp-image-1483\" alt=\"\" srcset=\"http:\/\/namli.av.tr\/wp-content\/uploads\/2026\/04\/3-819x1024.png 819w, http:\/\/namli.av.tr\/wp-content\/uploads\/2026\/04\/3-240x300.png 240w, http:\/\/namli.av.tr\/wp-content\/uploads\/2026\/04\/3-768x960.png 768w, http:\/\/namli.av.tr\/wp-content\/uploads\/2026\/04\/3.png 1080w\" sizes=\"(max-width: 819px) 100vw, 819px\" \/>\t\t\t\t\t\t\t\t\t\t\t\t\t\t\t<\/div>\n\t\t\t\t<\/div>\n\t\t\t\t<\/div>\n\t\t<div class=\"elementor-element elementor-element-8e9f8c7 e-con-full e-flex e-con e-child\" data-id=\"8e9f8c7\" data-element_type=\"container\" data-e-type=\"container\">\n\t\t<div class=\"elementor-element elementor-element-92b0fbe e-con-full e-flex e-con e-child\" data-id=\"92b0fbe\" data-element_type=\"container\" data-e-type=\"container\">\n\t\t\t\t<div class=\"elementor-element elementor-element-ebbe482 elementor-widget elementor-widget-text-editor\" data-id=\"ebbe482\" data-element_type=\"widget\" data-e-type=\"widget\" data-widget_type=\"text-editor.default\">\n\t\t\t\t<div class=\"elementor-widget-container\">\n\t\t\t\t\t\t\t\t\t<p><b>Zeynep Nur Cengiz<\/b><b><br \/><\/b><b>K\u0131demli Avukat<\/b><b><br \/><\/b><b>Uygulama Alanlar\u0131:\u00a0 <br \/><\/b><span style=\"font-weight: 400;\">Uyu\u015fmazl\u0131k \u00c7\u00f6z\u00fcm\u00fc, \u0130cra, \u0130nfaz ve Bor\u00e7 Tahsilat\u0131,<\/span><span style=\"font-weight: 400;\"><br \/><\/span><span style=\"font-weight: 400;\">Kurumsal Ticari \u0130stihdam, Fikri M\u00fclkiyet ve Veri Koruma<\/span><\/p><p><span style=\"font-weight: 400;\">Zeynep Cengiz, Uyu\u015fmazl\u0131k \u00c7\u00f6z\u00fcm\u00fc v,e \u015eirketler Hukuku  Ticaretve Ticaret Hukuku alan\u0131nda uzmanla\u015fm\u0131\u015ft\u0131r.<\/span><\/p><p><span style=\"font-weight: 400;\">Zeynep, \u00e7e\u015fitli sekt\u00f6rlerde faaliyet g\u00f6steren m\u00fcvekkilleri temsil etmektedir. Uyu\u015fmazl\u0131klar ve di\u011fer kurumsal konularla ilgili hukuki dan\u0131\u015fmanl\u0131k sa\u011flamaktad\u0131r ve \u00e7e\u015fitli T\u00fcrk mahkemelerinde y\u00fczlerce davada edindi\u011fi kapsaml\u0131 deneyime sahiptir. Ayr\u0131ca, s\u00f6zle\u015fmeler ve hukuki g\u00f6r\u00fc\u015fler haz\u0131rlama konusunda olduk\u00e7a kapsaml\u0131 deneyime sahiptir.<\/span><\/p><p><span style=\"font-weight: 400;\">Zeynep, kurumsal ticaret hukuku, bor\u00e7 tahsilat\u0131 ve iflas hukuku alanlar\u0131nda \u00e7e\u015fitli idarei hukuku davalar\u0131 i\u00e7eren ulusal mahkemelerde m\u00fcvekkillerini temsil etmi\u015ftir. Zeynep ayr\u0131ca kredi s\u00f6zle\u015fmeleri, ipotekler ve rehinler, fikri m\u00fclkiyet, gayrimenkul ve sigorta ile ilgili \u00e7ok \u00e7e\u015fitli anla\u015fmazl\u0131klarda m\u00fcvekkilleri temsil etmektedir. Ayr\u0131ca istihdam, kira hukukulama ve \u00f6zel hukuk, idari davalar, iflas hukuku, i\u015f hukuku, vergi davalar\u0131, ceza davalar\u0131, sa\u011fl\u0131k, ila\u00e7lar, e\u011fitim, kozmetikkler, t\u00fct\u00fcn ve alkol gibi sekt\u00f6rel konularda da deneyimlidir.<\/span><\/p><p><span style=\"font-weight: 400;\">Zeynep, firmam\u0131za kat\u0131lmadan \u00f6nce \u00f6nde gelen yerel hukuk firmalar\u0131nda ve \u00f6zel hukuk b\u00fcrolar\u0131nda uyu\u015fmazl\u0131k \u00e7\u00f6z\u00fcm\u00fcne odaklanarak \u00e7al\u0131\u015fm\u0131\u015ft\u0131r.\u00a0<\/span><\/p><p><b>Barolar ve Mahkemeler\u00a0<br \/><\/b><span style=\"font-weight: 400;\">\u0130stanbul Barosu, 2005<\/span><\/p><p><span style=\"font-weight: 400;\">\u200b<\/span><b>E\u011fitim<br \/><\/b><span style=\"font-weight: 400;\">\u0130stanbul \u00dcniversitesi Hukuk Fak\u00fcltesi\u00a0<\/span><\/p><p><span style=\"font-weight: 400;\">\u200b<\/span><b>Diller<br \/><\/b><span style=\"font-weight: 400;\">\u0130ngilizce, T\u00fcrk\u00e7e<\/span><\/p>\t\t\t\t\t\t\t\t<\/div>\n\t\t\t\t<\/div>\n\t\t\t\t<\/div>\n\t\t\t\t<\/div>\n\t\t\t\t<\/div>\n\t\t\t\t<\/div>","protected":false},"excerpt":{"rendered":"<p>Zeynep Nur CengizSenior AssociatePractice Areas:\u00a0 Dispute Resolution, Execution, Enforcement &amp; Debt Collection, Corporate CommercialEmployment, Intellectual Property &amp; Data Protection Zeynep [&hellip;]<\/p>\n","protected":false},"author":1,"featured_media":0,"parent":0,"menu_order":0,"comment_status":"closed","ping_status":"closed","template":"","meta":{"site-sidebar-layout":"no-sidebar","site-content-layout":"","ast-site-content-layout":"full-width-container","site-content-style":"default","site-sidebar-style":"default","ast-global-header-display":"","ast-banner-title-visibility":"","ast-main-header-display":"","ast-hfb-above-header-display":"","ast-hfb-below-header-display":"","ast-hfb-mobile-header-display":"","site-post-title":"","ast-breadcrumbs-content":"","ast-featured-img":"disabled","footer-sml-layout":"","ast-disable-related-posts":"","theme-transparent-header-meta":"","adv-header-id-meta":"","stick-header-meta":"","header-above-stick-meta":"","header-main-stick-meta":"","header-below-stick-meta":"","astra-migrate-meta-layouts":"default","ast-page-background-enabled":"default","ast-page-background-meta":{"desktop":{"background-color":"var(--ast-global-color-4)","background-image":"","background-repeat":"repeat","background-position":"center center","background-size":"auto","background-attachment":"scroll","background-type":"","background-media":"","overlay-type":"","overlay-color":"","overlay-opacity":"","overlay-gradient":""},"tablet":{"background-color":"","background-image":"","background-repeat":"repeat","background-position":"center center","background-size":"auto","background-attachment":"scroll","background-type":"","background-media":"","overlay-type":"","overlay-color":"","overlay-opacity":"","overlay-gradient":""},"mobile":{"background-color":"","background-image":"","background-repeat":"repeat","background-position":"center center","background-size":"auto","background-attachment":"scroll","background-type":"","background-media":"","overlay-type":"","overlay-color":"","overlay-opacity":"","overlay-gradient":""}},"ast-content-background-meta":{"desktop":{"background-color":"var(--ast-global-color-5)","background-image":"","background-repeat":"repeat","background-position":"center center","background-size":"auto","background-attachment":"scroll","background-type":"","background-media":"","overlay-type":"","overlay-color":"","overlay-opacity":"","overlay-gradient":""},"tablet":{"background-color":"var(--ast-global-color-5)","background-image":"","background-repeat":"repeat","background-position":"center center","background-size":"auto","background-attachment":"scroll","background-type":"","background-media":"","overlay-type":"","overlay-color":"","overlay-opacity":"","overlay-gradient":""},"mobile":{"background-color":"var(--ast-global-color-5)","background-image":"","background-repeat":"repeat","background-position":"center center","background-size":"auto","background-attachment":"scroll","background-type":"","background-media":"","overlay-type":"","overlay-color":"","overlay-opacity":"","overlay-gradient":""}},"footnotes":""},"class_list":["post-1473","page","type-page","status-publish","hentry"],"_links":{"self":[{"href":"http:\/\/namli.av.tr\/tr\/wp-json\/wp\/v2\/pages\/1473","targetHints":{"allow":["GET"]}}],"collection":[{"href":"http:\/\/namli.av.tr\/tr\/wp-json\/wp\/v2\/pages"}],"about":[{"href":"http:\/\/namli.av.tr\/tr\/wp-json\/wp\/v2\/types\/page"}],"author":[{"embeddable":true,"href":"http:\/\/namli.av.tr\/tr\/wp-json\/wp\/v2\/users\/1"}],"replies":[{"embeddable":true,"href":"http:\/\/namli.av.tr\/tr\/wp-json\/wp\/v2\/comments?post=1473"}],"version-history":[{"count":7,"href":"http:\/\/namli.av.tr\/tr\/wp-json\/wp\/v2\/pages\/1473\/revisions"}],"predecessor-version":[{"id":1543,"href":"http:\/\/namli.av.tr\/tr\/wp-json\/wp\/v2\/pages\/1473\/revisions\/1543"}],"wp:attachment":[{"href":"http:\/\/namli.av.tr\/tr\/wp-json\/wp\/v2\/media?parent=1473"}],"curies":[{"name":"wp","href":"https:\/\/api.w.org\/{rel}","templated":true}]}}