{"id":1477,"date":"2026-04-01T20:24:49","date_gmt":"2026-04-01T17:24:49","guid":{"rendered":"http:\/\/namli.av.tr\/?page_id=1477"},"modified":"2026-04-17T16:17:50","modified_gmt":"2026-04-17T13:17:50","slug":"yigit-adas","status":"publish","type":"page","link":"http:\/\/namli.av.tr\/tr\/yigit-adas\/","title":{"rendered":"Yi\u011fit Ada\u015f"},"content":{"rendered":"\t\t<div data-elementor-type=\"wp-page\" data-elementor-id=\"1477\" class=\"elementor elementor-1477\">\n\t\t\t\t<div class=\"elementor-element elementor-element-127f2a1 e-con-full e-flex e-con e-parent\" data-id=\"127f2a1\" data-element_type=\"container\" data-e-type=\"container\" data-settings=\"{&quot;background_background&quot;:&quot;classic&quot;}\">\n\t\t<div class=\"elementor-element elementor-element-e92a02a e-con-full e-flex e-con e-child\" data-id=\"e92a02a\" data-element_type=\"container\" data-e-type=\"container\">\n\t\t\t\t<div class=\"elementor-element elementor-element-e46b108 elementor-widget elementor-widget-image\" data-id=\"e46b108\" data-element_type=\"widget\" data-e-type=\"widget\" data-widget_type=\"image.default\">\n\t\t\t\t<div class=\"elementor-widget-container\">\n\t\t\t\t\t\t\t\t\t\t\t\t\t\t\t<img fetchpriority=\"high\" decoding=\"async\" width=\"819\" height=\"1024\" src=\"http:\/\/namli.av.tr\/wp-content\/uploads\/2026\/04\/6-819x1024.png\" class=\"attachment-large size-large wp-image-1491\" alt=\"\" srcset=\"http:\/\/namli.av.tr\/wp-content\/uploads\/2026\/04\/6-819x1024.png 819w, http:\/\/namli.av.tr\/wp-content\/uploads\/2026\/04\/6-240x300.png 240w, http:\/\/namli.av.tr\/wp-content\/uploads\/2026\/04\/6-768x960.png 768w, http:\/\/namli.av.tr\/wp-content\/uploads\/2026\/04\/6.png 1080w\" sizes=\"(max-width: 819px) 100vw, 819px\" \/>\t\t\t\t\t\t\t\t\t\t\t\t\t\t\t<\/div>\n\t\t\t\t<\/div>\n\t\t\t\t<\/div>\n\t\t<div class=\"elementor-element elementor-element-8e9f8c7 e-con-full e-flex e-con e-child\" data-id=\"8e9f8c7\" data-element_type=\"container\" data-e-type=\"container\">\n\t\t<div class=\"elementor-element elementor-element-92b0fbe e-con-full e-flex e-con e-child\" data-id=\"92b0fbe\" data-element_type=\"container\" data-e-type=\"container\">\n\t\t\t\t<div class=\"elementor-element elementor-element-ebbe482 elementor-widget elementor-widget-text-editor\" data-id=\"ebbe482\" data-element_type=\"widget\" data-e-type=\"widget\" data-widget_type=\"text-editor.default\">\n\t\t\t\t<div class=\"elementor-widget-container\">\n\t\t\t\t\t\t\t\t\t<div class=\"flex flex-col text-sm pb-25\"><section class=\"text-token-text-primary w-full focus:outline-none [--shadow-height:45px] has-data-writing-block:pointer-events-none has-data-writing-block:-mt-(--shadow-height) has-data-writing-block:pt-(--shadow-height) [&amp;:has([data-writing-block])&gt;*]:pointer-events-auto scroll-mt-[calc(var(--header-height)+min(200px,max(70px,20svh)))]\" dir=\"auto\" data-turn-id=\"request-WEB:b246ac92-c54d-4d68-8545-b4ee0742eb19-5\" data-testid=\"conversation-turn-12\" data-scroll-anchor=\"true\" data-turn=\"assistant\"><div class=\"text-base my-auto mx-auto pb-10 [--thread-content-margin:var(--thread-content-margin-xs,calc(var(--spacing)*4))] @w-sm\/main:[--thread-content-margin:var(--thread-content-margin-sm,calc(var(--spacing)*6))] @w-lg\/main:[--thread-content-margin:var(--thread-content-margin-lg,calc(var(--spacing)*16))] px-(--thread-content-margin)\"><div class=\"[--thread-content-max-width:40rem] @w-lg\/main:[--thread-content-max-width:48rem] mx-auto max-w-(--thread-content-max-width) flex-1 group\/turn-messages focus-visible:outline-hidden relative flex w-full min-w-0 flex-col agent-turn\"><div class=\"flex max-w-full flex-col gap-4 grow\"><div class=\"min-h-8 text-message relative flex w-full flex-col items-end gap-2 text-start break-words whitespace-normal outline-none keyboard-focused:focus-ring [.text-message+&amp;]:mt-1\" dir=\"auto\" tabindex=\"0\" data-message-author-role=\"assistant\" data-message-id=\"4bab4dff-25b3-46ab-9698-f9b795bf9d13\" data-message-model-slug=\"gpt-5-3\" data-turn-start-message=\"true\"><div class=\"flex w-full flex-col gap-1 empty:hidden\"><div class=\"markdown prose dark:prose-invert w-full wrap-break-word dark markdown-new-styling\"><p><b>Yi\u011fit Ada\u015f<br \/><\/b><b>Associate<\/b><\/p><p><b>Practice Areas:<br \/><\/b><span style=\"font-weight: 400;\">Health Law, Labor Law, Contracts, Private International Law.<\/span><\/p><p><span style=\"font-weight: 400;\">Yi\u011fit Ada\u015f has practical experience in health law, commercial law, labor law, and international law within the scope of the legal services provided, primarily in the health and textile sectors. He offers consulting services in the areas of drafting international and multi-dimensional contracts, legal risk management, and dispute resolution.<\/span><\/p><p><span style=\"font-weight: 400;\">Prior to joining our firm, Yi\u011fit gained experience in various leading law firms.\u00a0<\/span><\/p><p><b>Bars and Courts\u00a0<br \/><\/b><span style=\"font-weight: 400;\">Istanbul Bar Association, 2023<\/span><\/p><p><span style=\"font-weight: 400;\">\u200b\u200b<\/span><b>Education<br \/><\/b><span style=\"font-weight: 400;\">\u200bLL.M., MEF University, Master of Laws in Private Law, (Anticipated 2026)<br \/><\/span><span style=\"font-weight: 400;\">\u200bLL.B., MEF University, Bachelor of Laws, 2022<\/span><\/p><p><span style=\"font-weight: 400;\">\u200b<\/span><b>Languages<br \/><\/b><span style=\"font-weight: 400;\">English, Turkish<\/span><\/p><\/div><\/div><\/div><\/div><\/div><\/div><\/section><\/div>\t\t\t\t\t\t\t\t<\/div>\n\t\t\t\t<\/div>\n\t\t\t\t<\/div>\n\t\t\t\t<\/div>\n\t\t\t\t<\/div>\n\t\t\t\t<\/div>\n\t\t","protected":false},"excerpt":{"rendered":"<p>Yi\u011fit Ada\u015fAssociate Practice Areas:Health Law, Labor Law, Contracts, Private International Law. Yi\u011fit Ada\u015f has practical experience in health law, commercial [&hellip;]<\/p>\n","protected":false},"author":1,"featured_media":0,"parent":0,"menu_order":0,"comment_status":"closed","ping_status":"closed","template":"","meta":{"site-sidebar-layout":"no-sidebar","site-content-layout":"","ast-site-content-layout":"full-width-container","site-content-style":"default","site-sidebar-style":"default","ast-global-header-display":"","ast-banner-title-visibility":"","ast-main-header-display":"","ast-hfb-above-header-display":"","ast-hfb-below-header-display":"","ast-hfb-mobile-header-display":"","site-post-title":"","ast-breadcrumbs-content":"","ast-featured-img":"disabled","footer-sml-layout":"","ast-disable-related-posts":"","theme-transparent-header-meta":"","adv-header-id-meta":"","stick-header-meta":"","header-above-stick-meta":"","header-main-stick-meta":"","header-below-stick-meta":"","astra-migrate-meta-layouts":"default","ast-page-background-enabled":"default","ast-page-background-meta":{"desktop":{"background-color":"var(--ast-global-color-4)","background-image":"","background-repeat":"repeat","background-position":"center center","background-size":"auto","background-attachment":"scroll","background-type":"","background-media":"","overlay-type":"","overlay-color":"","overlay-opacity":"","overlay-gradient":""},"tablet":{"background-color":"","background-image":"","background-repeat":"repeat","background-position":"center center","background-size":"auto","background-attachment":"scroll","background-type":"","background-media":"","overlay-type":"","overlay-color":"","overlay-opacity":"","overlay-gradient":""},"mobile":{"background-color":"","background-image":"","background-repeat":"repeat","background-position":"center center","background-size":"auto","background-attachment":"scroll","background-type":"","background-media":"","overlay-type":"","overlay-color":"","overlay-opacity":"","overlay-gradient":""}},"ast-content-background-meta":{"desktop":{"background-color":"var(--ast-global-color-5)","background-image":"","background-repeat":"repeat","background-position":"center center","background-size":"auto","background-attachment":"scroll","background-type":"","background-media":"","overlay-type":"","overlay-color":"","overlay-opacity":"","overlay-gradient":""},"tablet":{"background-color":"var(--ast-global-color-5)","background-image":"","background-repeat":"repeat","background-position":"center center","background-size":"auto","background-attachment":"scroll","background-type":"","background-media":"","overlay-type":"","overlay-color":"","overlay-opacity":"","overlay-gradient":""},"mobile":{"background-color":"var(--ast-global-color-5)","background-image":"","background-repeat":"repeat","background-position":"center center","background-size":"auto","background-attachment":"scroll","background-type":"","background-media":"","overlay-type":"","overlay-color":"","overlay-opacity":"","overlay-gradient":""}},"footnotes":""},"class_list":["post-1477","page","type-page","status-publish","hentry"],"_links":{"self":[{"href":"http:\/\/namli.av.tr\/tr\/wp-json\/wp\/v2\/pages\/1477","targetHints":{"allow":["GET"]}}],"collection":[{"href":"http:\/\/namli.av.tr\/tr\/wp-json\/wp\/v2\/pages"}],"about":[{"href":"http:\/\/namli.av.tr\/tr\/wp-json\/wp\/v2\/types\/page"}],"author":[{"embeddable":true,"href":"http:\/\/namli.av.tr\/tr\/wp-json\/wp\/v2\/users\/1"}],"replies":[{"embeddable":true,"href":"http:\/\/namli.av.tr\/tr\/wp-json\/wp\/v2\/comments?post=1477"}],"version-history":[{"count":7,"href":"http:\/\/namli.av.tr\/tr\/wp-json\/wp\/v2\/pages\/1477\/revisions"}],"predecessor-version":[{"id":1549,"href":"http:\/\/namli.av.tr\/tr\/wp-json\/wp\/v2\/pages\/1477\/revisions\/1549"}],"wp:attachment":[{"href":"http:\/\/namli.av.tr\/tr\/wp-json\/wp\/v2\/media?parent=1477"}],"curies":[{"name":"wp","href":"https:\/\/api.w.org\/{rel}","templated":true}]}}