{"id":1479,"date":"2026-04-01T20:40:19","date_gmt":"2026-04-01T17:40:19","guid":{"rendered":"http:\/\/namli.av.tr\/?page_id=1479"},"modified":"2026-04-17T16:19:03","modified_gmt":"2026-04-17T13:19:03","slug":"tugba-meran","status":"publish","type":"page","link":"http:\/\/namli.av.tr\/tr\/tugba-meran\/","title":{"rendered":"Tu\u011fba Meran"},"content":{"rendered":"<div data-elementor-type=\"wp-page\" data-elementor-id=\"1479\" class=\"elementor elementor-1479\">\n\t\t\t\t<div class=\"elementor-element elementor-element-127f2a1 e-con-full e-flex e-con e-parent\" data-id=\"127f2a1\" data-element_type=\"container\" data-e-type=\"container\" data-settings=\"{&quot;background_background&quot;:&quot;classic&quot;}\">\n\t\t<div class=\"elementor-element elementor-element-e92a02a e-con-full e-flex e-con e-child\" data-id=\"e92a02a\" data-element_type=\"container\" data-e-type=\"container\">\n\t\t\t\t<div class=\"elementor-element elementor-element-e46b108 elementor-widget elementor-widget-image\" data-id=\"e46b108\" data-element_type=\"widget\" data-e-type=\"widget\" data-widget_type=\"image.default\">\n\t\t\t\t<div class=\"elementor-widget-container\">\n\t\t\t\t\t\t\t\t\t\t\t\t\t\t\t<img fetchpriority=\"high\" decoding=\"async\" width=\"819\" height=\"1024\" src=\"http:\/\/namli.av.tr\/wp-content\/uploads\/2026\/04\/5-819x1024.png\" class=\"attachment-large size-large wp-image-1495\" alt=\"\" srcset=\"http:\/\/namli.av.tr\/wp-content\/uploads\/2026\/04\/5-819x1024.png 819w, http:\/\/namli.av.tr\/wp-content\/uploads\/2026\/04\/5-240x300.png 240w, http:\/\/namli.av.tr\/wp-content\/uploads\/2026\/04\/5-768x960.png 768w, http:\/\/namli.av.tr\/wp-content\/uploads\/2026\/04\/5.png 1080w\" sizes=\"(max-width: 819px) 100vw, 819px\" \/>\t\t\t\t\t\t\t\t\t\t\t\t\t\t\t<\/div>\n\t\t\t\t<\/div>\n\t\t\t\t<\/div>\n\t\t<div class=\"elementor-element elementor-element-8e9f8c7 e-con-full e-flex e-con e-child\" data-id=\"8e9f8c7\" data-element_type=\"container\" data-e-type=\"container\">\n\t\t<div class=\"elementor-element elementor-element-92b0fbe e-con-full e-flex e-con e-child\" data-id=\"92b0fbe\" data-element_type=\"container\" data-e-type=\"container\">\n\t\t\t\t<div class=\"elementor-element elementor-element-ebbe482 elementor-widget elementor-widget-text-editor\" data-id=\"ebbe482\" data-element_type=\"widget\" data-e-type=\"widget\" data-widget_type=\"text-editor.default\">\n\t\t\t\t<div class=\"elementor-widget-container\">\n\t\t\t\t\t\t\t\t\t<p><b>Tu\u011fba Meran<br \/><\/b><b>Finans M\u00fcd\u00fcr\u00fc<\/b><\/p><p><b>\u200b<\/b><span style=\"font-weight: 400;\">Tu\u011fba, Naml\u0131 Hukuk B\u00fcrosu\u2019nun Ortakl\u0131\u011f\u0131\u2019n\u0131n idari personel \u015fefi ve CFO'su olarak g\u00f6rev yapmaktad\u0131r.\u00a0<br \/><\/span><span style=\"font-weight: 400;\">\u0130dari personelin ve muhasebenin \u00e7al\u0131\u015fmalar\u0131n\u0131 denetler ve takip eder. Ayr\u0131ca firman\u0131n b\u00fcy\u00fcme stratejilerini, b\u00fct\u00e7elerini ve planlar\u0131n\u0131 geli\u015ftirir ve ekibin kariyerlerinde ilerlemesine yard\u0131mc\u0131 olur.\u00a0<\/span><\/p><p><span style=\"font-weight: 400;\">Ayr\u0131ca mevcut ve potansiyel m\u00fcvekkillerle ili\u015fkiler kurarak ortakl\u0131\u011f\u0131n ofisin g\u00fc\u00e7l\u00fc yanlar\u0131n\u0131 ve ihtiya\u00e7lar\u0131n\u0131 belirler ve programlar.\u00a0<\/span><\/p><p><b>Diller<\/b><\/p><p><span style=\"font-weight: 400;\">\u0130ngilizce, T\u00fcrk\u00e7e<\/span><\/p>\t\t\t\t\t\t\t\t<\/div>\n\t\t\t\t<\/div>\n\t\t\t\t<\/div>\n\t\t\t\t<\/div>\n\t\t\t\t<\/div>\n\t\t\t\t<\/div>","protected":false},"excerpt":{"rendered":"<p>Tu\u011fba MeranCFO \u200bTu\u011fba acts as the head of administrative staff and CFO of the firm.\u00a0She supervises and monitors the work [&hellip;]<\/p>\n","protected":false},"author":1,"featured_media":0,"parent":0,"menu_order":0,"comment_status":"closed","ping_status":"closed","template":"","meta":{"site-sidebar-layout":"no-sidebar","site-content-layout":"","ast-site-content-layout":"full-width-container","site-content-style":"default","site-sidebar-style":"default","ast-global-header-display":"","ast-banner-title-visibility":"","ast-main-header-display":"","ast-hfb-above-header-display":"","ast-hfb-below-header-display":"","ast-hfb-mobile-header-display":"","site-post-title":"","ast-breadcrumbs-content":"","ast-featured-img":"disabled","footer-sml-layout":"","ast-disable-related-posts":"","theme-transparent-header-meta":"","adv-header-id-meta":"","stick-header-meta":"","header-above-stick-meta":"","header-main-stick-meta":"","header-below-stick-meta":"","astra-migrate-meta-layouts":"default","ast-page-background-enabled":"default","ast-page-background-meta":{"desktop":{"background-color":"var(--ast-global-color-4)","background-image":"","background-repeat":"repeat","background-position":"center center","background-size":"auto","background-attachment":"scroll","background-type":"","background-media":"","overlay-type":"","overlay-color":"","overlay-opacity":"","overlay-gradient":""},"tablet":{"background-color":"","background-image":"","background-repeat":"repeat","background-position":"center center","background-size":"auto","background-attachment":"scroll","background-type":"","background-media":"","overlay-type":"","overlay-color":"","overlay-opacity":"","overlay-gradient":""},"mobile":{"background-color":"","background-image":"","background-repeat":"repeat","background-position":"center center","background-size":"auto","background-attachment":"scroll","background-type":"","background-media":"","overlay-type":"","overlay-color":"","overlay-opacity":"","overlay-gradient":""}},"ast-content-background-meta":{"desktop":{"background-color":"var(--ast-global-color-5)","background-image":"","background-repeat":"repeat","background-position":"center center","background-size":"auto","background-attachment":"scroll","background-type":"","background-media":"","overlay-type":"","overlay-color":"","overlay-opacity":"","overlay-gradient":""},"tablet":{"background-color":"var(--ast-global-color-5)","background-image":"","background-repeat":"repeat","background-position":"center center","background-size":"auto","background-attachment":"scroll","background-type":"","background-media":"","overlay-type":"","overlay-color":"","overlay-opacity":"","overlay-gradient":""},"mobile":{"background-color":"var(--ast-global-color-5)","background-image":"","background-repeat":"repeat","background-position":"center center","background-size":"auto","background-attachment":"scroll","background-type":"","background-media":"","overlay-type":"","overlay-color":"","overlay-opacity":"","overlay-gradient":""}},"footnotes":""},"class_list":["post-1479","page","type-page","status-publish","hentry"],"_links":{"self":[{"href":"http:\/\/namli.av.tr\/tr\/wp-json\/wp\/v2\/pages\/1479","targetHints":{"allow":["GET"]}}],"collection":[{"href":"http:\/\/namli.av.tr\/tr\/wp-json\/wp\/v2\/pages"}],"about":[{"href":"http:\/\/namli.av.tr\/tr\/wp-json\/wp\/v2\/types\/page"}],"author":[{"embeddable":true,"href":"http:\/\/namli.av.tr\/tr\/wp-json\/wp\/v2\/users\/1"}],"replies":[{"embeddable":true,"href":"http:\/\/namli.av.tr\/tr\/wp-json\/wp\/v2\/comments?post=1479"}],"version-history":[{"count":7,"href":"http:\/\/namli.av.tr\/tr\/wp-json\/wp\/v2\/pages\/1479\/revisions"}],"predecessor-version":[{"id":1552,"href":"http:\/\/namli.av.tr\/tr\/wp-json\/wp\/v2\/pages\/1479\/revisions\/1552"}],"wp:attachment":[{"href":"http:\/\/namli.av.tr\/tr\/wp-json\/wp\/v2\/media?parent=1479"}],"curies":[{"name":"wp","href":"https:\/\/api.w.org\/{rel}","templated":true}]}}