{"id":1481,"date":"2026-04-01T20:27:28","date_gmt":"2026-04-01T17:27:28","guid":{"rendered":"http:\/\/namli.av.tr\/?page_id=1481"},"modified":"2026-04-17T16:20:07","modified_gmt":"2026-04-17T13:20:07","slug":"selen-even","status":"publish","type":"page","link":"http:\/\/namli.av.tr\/tr\/selen-even\/","title":{"rendered":"Selen Evin"},"content":{"rendered":"<div data-elementor-type=\"wp-page\" data-elementor-id=\"1481\" class=\"elementor elementor-1481\">\n\t\t\t\t<div class=\"elementor-element elementor-element-127f2a1 e-con-full e-flex e-con e-parent\" data-id=\"127f2a1\" data-element_type=\"container\" data-e-type=\"container\" data-settings=\"{&quot;background_background&quot;:&quot;classic&quot;}\">\n\t\t<div class=\"elementor-element elementor-element-e92a02a e-con-full e-flex e-con e-child\" data-id=\"e92a02a\" data-element_type=\"container\" data-e-type=\"container\">\n\t\t\t\t<div class=\"elementor-element elementor-element-e46b108 elementor-widget elementor-widget-image\" data-id=\"e46b108\" data-element_type=\"widget\" data-e-type=\"widget\" data-widget_type=\"image.default\">\n\t\t\t\t<div class=\"elementor-widget-container\">\n\t\t\t\t\t\t\t\t\t\t\t\t\t\t\t<img fetchpriority=\"high\" decoding=\"async\" width=\"819\" height=\"1024\" src=\"http:\/\/namli.av.tr\/wp-content\/uploads\/2026\/04\/4-819x1024.png\" class=\"attachment-large size-large wp-image-1499\" alt=\"\" srcset=\"http:\/\/namli.av.tr\/wp-content\/uploads\/2026\/04\/4-819x1024.png 819w, http:\/\/namli.av.tr\/wp-content\/uploads\/2026\/04\/4-240x300.png 240w, http:\/\/namli.av.tr\/wp-content\/uploads\/2026\/04\/4-768x960.png 768w, http:\/\/namli.av.tr\/wp-content\/uploads\/2026\/04\/4.png 1080w\" sizes=\"(max-width: 819px) 100vw, 819px\" \/>\t\t\t\t\t\t\t\t\t\t\t\t\t\t\t<\/div>\n\t\t\t\t<\/div>\n\t\t\t\t<\/div>\n\t\t<div class=\"elementor-element elementor-element-8e9f8c7 e-con-full e-flex e-con e-child\" data-id=\"8e9f8c7\" data-element_type=\"container\" data-e-type=\"container\">\n\t\t<div class=\"elementor-element elementor-element-92b0fbe e-con-full e-flex e-con e-child\" data-id=\"92b0fbe\" data-element_type=\"container\" data-e-type=\"container\">\n\t\t\t\t<div class=\"elementor-element elementor-element-ebbe482 elementor-widget elementor-widget-text-editor\" data-id=\"ebbe482\" data-element_type=\"widget\" data-e-type=\"widget\" data-widget_type=\"text-editor.default\">\n\t\t\t\t<div class=\"elementor-widget-container\">\n\t\t\t\t\t\t\t\t\t<p><b>Selen Evin<br \/><\/b><b>Pazarlama M\u00fcd\u00fcr\u00fc<\/b><\/p><p><span style=\"font-weight: 400;\">Selen, hukuk b\u00fcromuz b\u00fcnyesinde sat\u0131\u015f, pazarlama ve i\u015f geli\u015ftirme faaliyetlerinin planlanmas\u0131 ve y\u00fcr\u00fct\u00fclmesine destek vermektedir. Bu faaliyetler, ba\u015fta T\u00fcrkiye Barolar Birli\u011fi Reklam Yasa\u011f\u0131 Y\u00f6netmeli\u011fi olmak \u00fczere ilgili mevzuat ve avukatl\u0131k meslek kurallar\u0131 \u00e7er\u00e7evesinde y\u00fcr\u00fct\u00fclmektedir.<\/span><\/p><p><span style=\"font-weight: 400;\">\u00a0Bu kapsamda, b\u00fcromuzun faaliyet alanlar\u0131na ili\u015fkin kurumsal ileti\u015fim s\u00fcre\u00e7lerine katk\u0131 sa\u011flamakta ve i\u015f geli\u015ftirme \u00e7al\u0131\u015fmalar\u0131n\u0131n koordinasyonunda g\u00f6rev almaktad\u0131r. Mevcut ve potansiyel m\u00fcvekkillerle ileti\u015fim s\u00fcre\u00e7lerinin y\u00f6netilmesine destek olmakta, farkl\u0131 pazarlara y\u00f6nelik genel de\u011ferlendirmelere katk\u0131da bulunmaktad\u0131r.\u00a0<\/span><\/p><p><span style=\"font-weight: 400;\">Ayr\u0131ca dijital ileti\u015fim, i\u00e7erik y\u00f6netimi ve kurumsal g\u00f6r\u00fcn\u00fcrl\u00fc\u011fe y\u00f6nelik \u00e7al\u0131\u015fmalar\u0131n y\u00fcr\u00fct\u00fclmesinde rol almakta olup, t\u00fcm \u00e7al\u0131\u015fmalar\u0131nda reklam yasa\u011f\u0131na ve meslek eti\u011fine uygunluk g\u00f6zetilmektedir.\n<br><br>\nSelen, ilgili ekiplerle i\u015f birli\u011fi i\u00e7inde \u00e7al\u0131\u015farak b\u00fcro faaliyetlerinin d\u00fczenli, \u00f6l\u00e7\u00fcl\u00fc ve meslek kurallar\u0131 ile uyumlu \u015fekilde y\u00fcr\u00fct\u00fclmesine katk\u0131da bulunmaktad\u0131r.<\/span><\/p><p><b>Diller<br \/><\/b><span style=\"font-weight: 400;\">\u0130ngilizce, T\u00fcrk\u00e7e<\/span><\/p><p data-start=\"0\" data-end=\"36\"><br \/><br \/><br \/><\/p>\t\t\t\t\t\t\t\t<\/div>\n\t\t\t\t<\/div>\n\t\t\t\t<\/div>\n\t\t\t\t<\/div>\n\t\t\t\t<\/div>\n\t\t\t\t<\/div>","protected":false},"excerpt":{"rendered":"<p>Selen EvenMarketing Manager Selen supports the planning and execution of sales, marketing, and business development activities within our law firm. [&hellip;]<\/p>\n","protected":false},"author":1,"featured_media":0,"parent":0,"menu_order":0,"comment_status":"closed","ping_status":"closed","template":"","meta":{"site-sidebar-layout":"no-sidebar","site-content-layout":"","ast-site-content-layout":"full-width-container","site-content-style":"default","site-sidebar-style":"default","ast-global-header-display":"","ast-banner-title-visibility":"","ast-main-header-display":"","ast-hfb-above-header-display":"","ast-hfb-below-header-display":"","ast-hfb-mobile-header-display":"","site-post-title":"","ast-breadcrumbs-content":"","ast-featured-img":"disabled","footer-sml-layout":"","ast-disable-related-posts":"","theme-transparent-header-meta":"","adv-header-id-meta":"","stick-header-meta":"","header-above-stick-meta":"","header-main-stick-meta":"","header-below-stick-meta":"","astra-migrate-meta-layouts":"default","ast-page-background-enabled":"default","ast-page-background-meta":{"desktop":{"background-color":"var(--ast-global-color-4)","background-image":"","background-repeat":"repeat","background-position":"center center","background-size":"auto","background-attachment":"scroll","background-type":"","background-media":"","overlay-type":"","overlay-color":"","overlay-opacity":"","overlay-gradient":""},"tablet":{"background-color":"","background-image":"","background-repeat":"repeat","background-position":"center center","background-size":"auto","background-attachment":"scroll","background-type":"","background-media":"","overlay-type":"","overlay-color":"","overlay-opacity":"","overlay-gradient":""},"mobile":{"background-color":"","background-image":"","background-repeat":"repeat","background-position":"center center","background-size":"auto","background-attachment":"scroll","background-type":"","background-media":"","overlay-type":"","overlay-color":"","overlay-opacity":"","overlay-gradient":""}},"ast-content-background-meta":{"desktop":{"background-color":"var(--ast-global-color-5)","background-image":"","background-repeat":"repeat","background-position":"center center","background-size":"auto","background-attachment":"scroll","background-type":"","background-media":"","overlay-type":"","overlay-color":"","overlay-opacity":"","overlay-gradient":""},"tablet":{"background-color":"var(--ast-global-color-5)","background-image":"","background-repeat":"repeat","background-position":"center center","background-size":"auto","background-attachment":"scroll","background-type":"","background-media":"","overlay-type":"","overlay-color":"","overlay-opacity":"","overlay-gradient":""},"mobile":{"background-color":"var(--ast-global-color-5)","background-image":"","background-repeat":"repeat","background-position":"center center","background-size":"auto","background-attachment":"scroll","background-type":"","background-media":"","overlay-type":"","overlay-color":"","overlay-opacity":"","overlay-gradient":""}},"footnotes":""},"class_list":["post-1481","page","type-page","status-publish","hentry"],"_links":{"self":[{"href":"http:\/\/namli.av.tr\/tr\/wp-json\/wp\/v2\/pages\/1481","targetHints":{"allow":["GET"]}}],"collection":[{"href":"http:\/\/namli.av.tr\/tr\/wp-json\/wp\/v2\/pages"}],"about":[{"href":"http:\/\/namli.av.tr\/tr\/wp-json\/wp\/v2\/types\/page"}],"author":[{"embeddable":true,"href":"http:\/\/namli.av.tr\/tr\/wp-json\/wp\/v2\/users\/1"}],"replies":[{"embeddable":true,"href":"http:\/\/namli.av.tr\/tr\/wp-json\/wp\/v2\/comments?post=1481"}],"version-history":[{"count":7,"href":"http:\/\/namli.av.tr\/tr\/wp-json\/wp\/v2\/pages\/1481\/revisions"}],"predecessor-version":[{"id":1555,"href":"http:\/\/namli.av.tr\/tr\/wp-json\/wp\/v2\/pages\/1481\/revisions\/1555"}],"wp:attachment":[{"href":"http:\/\/namli.av.tr\/tr\/wp-json\/wp\/v2\/media?parent=1481"}],"curies":[{"name":"wp","href":"https:\/\/api.w.org\/{rel}","templated":true}]}}