{"id":45,"date":"2026-03-18T00:30:51","date_gmt":"2026-03-17T21:30:51","guid":{"rendered":"http:\/\/namli.av.tr\/services\/"},"modified":"2026-04-01T20:51:57","modified_gmt":"2026-04-01T17:51:57","slug":"team","status":"publish","type":"page","link":"http:\/\/namli.av.tr\/tr\/team\/","title":{"rendered":"Ekibimiz"},"content":{"rendered":"<div data-elementor-type=\"wp-page\" data-elementor-id=\"45\" class=\"elementor elementor-45\">\n\t\t\t\t<div class=\"elementor-element elementor-element-8bd0c96 e-grid e-con-boxed e-con e-parent\" data-id=\"8bd0c96\" data-element_type=\"container\" data-e-type=\"container\" data-settings=\"{&quot;background_background&quot;:&quot;classic&quot;}\">\n\t\t\t\t\t<div class=\"e-con-inner\">\n\t\t<div class=\"elementor-element elementor-element-5c5421e e-con-full e-flex e-con e-child\" data-id=\"5c5421e\" data-element_type=\"container\" data-e-type=\"container\">\n\t\t\t\t<div class=\"elementor-element elementor-element-ea6d5fb elementor-widget elementor-widget-image\" data-id=\"ea6d5fb\" data-element_type=\"widget\" data-e-type=\"widget\" data-widget_type=\"image.default\">\n\t\t\t\t<div class=\"elementor-widget-container\">\n\t\t\t\t\t\t\t\t\t\t\t\t\t\t\t\t<a href=\"http:\/\/namli.av.tr\/tr\/firat-namli\/\">\n\t\t\t\t\t\t\t<img fetchpriority=\"high\" decoding=\"async\" width=\"1080\" height=\"1350\" src=\"http:\/\/namli.av.tr\/wp-content\/uploads\/2026\/04\/1.png\" class=\"attachment-full size-full wp-image-1465\" alt=\"\" srcset=\"http:\/\/namli.av.tr\/wp-content\/uploads\/2026\/04\/1.png 1080w, http:\/\/namli.av.tr\/wp-content\/uploads\/2026\/04\/1-240x300.png 240w, http:\/\/namli.av.tr\/wp-content\/uploads\/2026\/04\/1-819x1024.png 819w, http:\/\/namli.av.tr\/wp-content\/uploads\/2026\/04\/1-768x960.png 768w\" sizes=\"(max-width: 1080px) 100vw, 1080px\" \/>\t\t\t\t\t\t\t\t<\/a>\n\t\t\t\t\t\t\t\t\t\t\t\t\t\t\t<\/div>\n\t\t\t\t<\/div>\n\t\t\t\t<div class=\"elementor-element elementor-element-cead1d8 elementor-widget elementor-widget-heading\" data-id=\"cead1d8\" data-element_type=\"widget\" data-e-type=\"widget\" data-widget_type=\"heading.default\">\n\t\t\t\t<div class=\"elementor-widget-container\">\n\t\t\t\t\t<h5 class=\"elementor-heading-title elementor-size-default\"><a href=\"http:\/\/namli.av.tr\/tr\/firat-namli\/\">F\u0131rat Naml\u0131<\/a><\/h5>\t\t\t\t<\/div>\n\t\t\t\t<\/div>\n\t\t\t\t<div class=\"elementor-element elementor-element-2d47707 elementor-widget elementor-widget-text-editor\" data-id=\"2d47707\" data-element_type=\"widget\" data-e-type=\"widget\" data-widget_type=\"text-editor.default\">\n\t\t\t\t<div class=\"elementor-widget-container\">\n\t\t\t\t\t\t\t\t\t<p><span style=\"font-weight: 400;\">Ortak<\/span><\/p>\t\t\t\t\t\t\t\t<\/div>\n\t\t\t\t<\/div>\n\t\t\t\t<div class=\"elementor-element elementor-element-ba9b2d7 elementor-widget elementor-widget-text-editor\" data-id=\"ba9b2d7\" data-element_type=\"widget\" data-e-type=\"widget\" data-widget_type=\"text-editor.default\">\n\t\t\t\t<div class=\"elementor-widget-container\">\n\t\t\t\t\t\t\t\t\t<p>fnamli@namli.av.tr<\/p>\t\t\t\t\t\t\t\t<\/div>\n\t\t\t\t<\/div>\n\t\t\t\t<\/div>\n\t\t<div class=\"elementor-element elementor-element-16b7ba2 e-con-full e-flex e-con e-child\" data-id=\"16b7ba2\" data-element_type=\"container\" data-e-type=\"container\">\n\t\t\t\t<div class=\"elementor-element elementor-element-6502103 elementor-widget elementor-widget-image\" data-id=\"6502103\" data-element_type=\"widget\" data-e-type=\"widget\" data-widget_type=\"image.default\">\n\t\t\t\t<div class=\"elementor-widget-container\">\n\t\t\t\t\t\t\t\t\t\t\t\t\t\t\t\t<a href=\"http:\/\/namli.av.tr\/tr\/zeynep-nur-cengiz\/\">\n\t\t\t\t\t\t\t<img decoding=\"async\" width=\"1080\" height=\"1350\" src=\"http:\/\/namli.av.tr\/wp-content\/uploads\/2026\/04\/3.png\" class=\"attachment-full size-full wp-image-1483\" alt=\"\" srcset=\"http:\/\/namli.av.tr\/wp-content\/uploads\/2026\/04\/3.png 1080w, http:\/\/namli.av.tr\/wp-content\/uploads\/2026\/04\/3-240x300.png 240w, http:\/\/namli.av.tr\/wp-content\/uploads\/2026\/04\/3-819x1024.png 819w, http:\/\/namli.av.tr\/wp-content\/uploads\/2026\/04\/3-768x960.png 768w\" sizes=\"(max-width: 1080px) 100vw, 1080px\" \/>\t\t\t\t\t\t\t\t<\/a>\n\t\t\t\t\t\t\t\t\t\t\t\t\t\t\t<\/div>\n\t\t\t\t<\/div>\n\t\t\t\t<div class=\"elementor-element elementor-element-d9cd7d1 elementor-widget elementor-widget-heading\" data-id=\"d9cd7d1\" data-element_type=\"widget\" data-e-type=\"widget\" data-widget_type=\"heading.default\">\n\t\t\t\t<div class=\"elementor-widget-container\">\n\t\t\t\t\t<h5 class=\"elementor-heading-title elementor-size-default\"><a href=\"http:\/\/namli.av.tr\/tr\/zeynep-nur-cengiz\/\">Zeynep Nur Cengiz<\/a><\/h5>\t\t\t\t<\/div>\n\t\t\t\t<\/div>\n\t\t\t\t<div class=\"elementor-element elementor-element-7c49b85 elementor-widget elementor-widget-text-editor\" data-id=\"7c49b85\" data-element_type=\"widget\" data-e-type=\"widget\" data-widget_type=\"text-editor.default\">\n\t\t\t\t<div class=\"elementor-widget-container\">\n\t\t\t\t\t\t\t\t\t<p>K\u0131demli Avukat<\/p>\t\t\t\t\t\t\t\t<\/div>\n\t\t\t\t<\/div>\n\t\t\t\t<\/div>\n\t\t<div class=\"elementor-element elementor-element-dd56dbc e-con-full e-flex e-con e-child\" data-id=\"dd56dbc\" data-element_type=\"container\" data-e-type=\"container\">\n\t\t\t\t<div class=\"elementor-element elementor-element-e87e94f elementor-widget elementor-widget-image\" data-id=\"e87e94f\" data-element_type=\"widget\" data-e-type=\"widget\" data-widget_type=\"image.default\">\n\t\t\t\t<div class=\"elementor-widget-container\">\n\t\t\t\t\t\t\t\t\t\t\t\t\t\t\t\t<a href=\"http:\/\/namli.av.tr\/tr\/gorkem-erdem\/\">\n\t\t\t\t\t\t\t<img decoding=\"async\" width=\"1080\" height=\"1350\" src=\"http:\/\/namli.av.tr\/wp-content\/uploads\/2026\/04\/2.png\" class=\"attachment-full size-full wp-image-1487\" alt=\"\" srcset=\"http:\/\/namli.av.tr\/wp-content\/uploads\/2026\/04\/2.png 1080w, http:\/\/namli.av.tr\/wp-content\/uploads\/2026\/04\/2-240x300.png 240w, http:\/\/namli.av.tr\/wp-content\/uploads\/2026\/04\/2-819x1024.png 819w, http:\/\/namli.av.tr\/wp-content\/uploads\/2026\/04\/2-768x960.png 768w\" sizes=\"(max-width: 1080px) 100vw, 1080px\" \/>\t\t\t\t\t\t\t\t<\/a>\n\t\t\t\t\t\t\t\t\t\t\t\t\t\t\t<\/div>\n\t\t\t\t<\/div>\n\t\t\t\t<div class=\"elementor-element elementor-element-f1b0c3c elementor-widget elementor-widget-heading\" data-id=\"f1b0c3c\" data-element_type=\"widget\" data-e-type=\"widget\" data-widget_type=\"heading.default\">\n\t\t\t\t<div class=\"elementor-widget-container\">\n\t\t\t\t\t<h5 class=\"elementor-heading-title elementor-size-default\"><a href=\"http:\/\/namli.av.tr\/tr\/gorkem-erdem\/\">G\u00f6rkem Erden<\/a><\/h5>\t\t\t\t<\/div>\n\t\t\t\t<\/div>\n\t\t\t\t<div class=\"elementor-element elementor-element-2f5addc elementor-widget elementor-widget-text-editor\" data-id=\"2f5addc\" data-element_type=\"widget\" data-e-type=\"widget\" data-widget_type=\"text-editor.default\">\n\t\t\t\t<div class=\"elementor-widget-container\">\n\t\t\t\t\t\t\t\t\t<p>Avukat<\/p>\t\t\t\t\t\t\t\t<\/div>\n\t\t\t\t<\/div>\n\t\t\t\t<\/div>\n\t\t<div class=\"elementor-element elementor-element-7b66d70 e-con-full e-flex e-con e-child\" data-id=\"7b66d70\" data-element_type=\"container\" data-e-type=\"container\">\n\t\t\t\t<div class=\"elementor-element elementor-element-0c992c3 elementor-widget elementor-widget-image\" data-id=\"0c992c3\" data-element_type=\"widget\" data-e-type=\"widget\" data-widget_type=\"image.default\">\n\t\t\t\t<div class=\"elementor-widget-container\">\n\t\t\t\t\t\t\t\t\t\t\t\t\t\t\t\t<a href=\"http:\/\/namli.av.tr\/tr\/yigit-adas\/\">\n\t\t\t\t\t\t\t<img loading=\"lazy\" decoding=\"async\" width=\"1080\" height=\"1350\" src=\"http:\/\/namli.av.tr\/wp-content\/uploads\/2026\/04\/6.png\" class=\"attachment-full size-full wp-image-1491\" alt=\"\" srcset=\"http:\/\/namli.av.tr\/wp-content\/uploads\/2026\/04\/6.png 1080w, http:\/\/namli.av.tr\/wp-content\/uploads\/2026\/04\/6-240x300.png 240w, http:\/\/namli.av.tr\/wp-content\/uploads\/2026\/04\/6-819x1024.png 819w, http:\/\/namli.av.tr\/wp-content\/uploads\/2026\/04\/6-768x960.png 768w\" sizes=\"(max-width: 1080px) 100vw, 1080px\" \/>\t\t\t\t\t\t\t\t<\/a>\n\t\t\t\t\t\t\t\t\t\t\t\t\t\t\t<\/div>\n\t\t\t\t<\/div>\n\t\t\t\t<div class=\"elementor-element elementor-element-12cbfce elementor-widget elementor-widget-heading\" data-id=\"12cbfce\" data-element_type=\"widget\" data-e-type=\"widget\" data-widget_type=\"heading.default\">\n\t\t\t\t<div class=\"elementor-widget-container\">\n\t\t\t\t\t<h5 class=\"elementor-heading-title elementor-size-default\"><a href=\"http:\/\/namli.av.tr\/tr\/yigit-adas\/\">Yi\u011fit Ada\u015f<\/a><\/h5>\t\t\t\t<\/div>\n\t\t\t\t<\/div>\n\t\t\t\t<div class=\"elementor-element elementor-element-d439be9 elementor-widget elementor-widget-text-editor\" data-id=\"d439be9\" data-element_type=\"widget\" data-e-type=\"widget\" data-widget_type=\"text-editor.default\">\n\t\t\t\t<div class=\"elementor-widget-container\">\n\t\t\t\t\t\t\t\t\t<p>Avukat<\/p>\t\t\t\t\t\t\t\t<\/div>\n\t\t\t\t<\/div>\n\t\t\t\t<\/div>\n\t\t<div class=\"elementor-element elementor-element-e399567 e-con-full e-flex e-con e-child\" data-id=\"e399567\" data-element_type=\"container\" data-e-type=\"container\">\n\t\t\t\t<div class=\"elementor-element elementor-element-bdc8cff elementor-widget elementor-widget-image\" data-id=\"bdc8cff\" data-element_type=\"widget\" data-e-type=\"widget\" data-widget_type=\"image.default\">\n\t\t\t\t<div class=\"elementor-widget-container\">\n\t\t\t\t\t\t\t\t\t\t\t\t\t\t\t\t<a href=\"http:\/\/namli.av.tr\/tr\/tugba-meran\/\">\n\t\t\t\t\t\t\t<img loading=\"lazy\" decoding=\"async\" width=\"1080\" height=\"1350\" src=\"http:\/\/namli.av.tr\/wp-content\/uploads\/2026\/04\/5.png\" class=\"attachment-full size-full wp-image-1495\" alt=\"\" srcset=\"http:\/\/namli.av.tr\/wp-content\/uploads\/2026\/04\/5.png 1080w, http:\/\/namli.av.tr\/wp-content\/uploads\/2026\/04\/5-240x300.png 240w, http:\/\/namli.av.tr\/wp-content\/uploads\/2026\/04\/5-819x1024.png 819w, http:\/\/namli.av.tr\/wp-content\/uploads\/2026\/04\/5-768x960.png 768w\" sizes=\"(max-width: 1080px) 100vw, 1080px\" \/>\t\t\t\t\t\t\t\t<\/a>\n\t\t\t\t\t\t\t\t\t\t\t\t\t\t\t<\/div>\n\t\t\t\t<\/div>\n\t\t\t\t<div class=\"elementor-element elementor-element-ed7ad22 elementor-widget elementor-widget-heading\" data-id=\"ed7ad22\" data-element_type=\"widget\" data-e-type=\"widget\" data-widget_type=\"heading.default\">\n\t\t\t\t<div class=\"elementor-widget-container\">\n\t\t\t\t\t<h5 class=\"elementor-heading-title elementor-size-default\"><a href=\"http:\/\/namli.av.tr\/tr\/tugba-meran\/\">Tu\u011fba Meran<\/a><\/h5>\t\t\t\t<\/div>\n\t\t\t\t<\/div>\n\t\t\t\t<div class=\"elementor-element elementor-element-c2e4ab6 elementor-widget elementor-widget-text-editor\" data-id=\"c2e4ab6\" data-element_type=\"widget\" data-e-type=\"widget\" data-widget_type=\"text-editor.default\">\n\t\t\t\t<div class=\"elementor-widget-container\">\n\t\t\t\t\t\t\t\t\t<p>Finans M\u00fcd\u00fcr\u00fc<\/p>\t\t\t\t\t\t\t\t<\/div>\n\t\t\t\t<\/div>\n\t\t\t\t<\/div>\n\t\t<div class=\"elementor-element elementor-element-5d4488d e-con-full e-flex e-con e-child\" data-id=\"5d4488d\" data-element_type=\"container\" data-e-type=\"container\">\n\t\t\t\t<div class=\"elementor-element elementor-element-73d293e elementor-widget elementor-widget-image\" data-id=\"73d293e\" data-element_type=\"widget\" data-e-type=\"widget\" data-widget_type=\"image.default\">\n\t\t\t\t<div class=\"elementor-widget-container\">\n\t\t\t\t\t\t\t\t\t\t\t\t\t\t\t\t<a href=\"http:\/\/namli.av.tr\/tr\/selen-even\/\">\n\t\t\t\t\t\t\t<img loading=\"lazy\" decoding=\"async\" width=\"1080\" height=\"1350\" src=\"http:\/\/namli.av.tr\/wp-content\/uploads\/2026\/04\/4.png\" class=\"attachment-full size-full wp-image-1499\" alt=\"\" srcset=\"http:\/\/namli.av.tr\/wp-content\/uploads\/2026\/04\/4.png 1080w, http:\/\/namli.av.tr\/wp-content\/uploads\/2026\/04\/4-240x300.png 240w, http:\/\/namli.av.tr\/wp-content\/uploads\/2026\/04\/4-819x1024.png 819w, http:\/\/namli.av.tr\/wp-content\/uploads\/2026\/04\/4-768x960.png 768w\" sizes=\"(max-width: 1080px) 100vw, 1080px\" \/>\t\t\t\t\t\t\t\t<\/a>\n\t\t\t\t\t\t\t\t\t\t\t\t\t\t\t<\/div>\n\t\t\t\t<\/div>\n\t\t\t\t<div class=\"elementor-element elementor-element-5034ff7 elementor-widget elementor-widget-heading\" data-id=\"5034ff7\" data-element_type=\"widget\" data-e-type=\"widget\" data-widget_type=\"heading.default\">\n\t\t\t\t<div class=\"elementor-widget-container\">\n\t\t\t\t\t<h5 class=\"elementor-heading-title elementor-size-default\"><a href=\"http:\/\/namli.av.tr\/tr\/selen-even\/\">Selen Evin<\/a><\/h5>\t\t\t\t<\/div>\n\t\t\t\t<\/div>\n\t\t\t\t<div class=\"elementor-element elementor-element-6f9eab1 elementor-widget elementor-widget-text-editor\" data-id=\"6f9eab1\" data-element_type=\"widget\" data-e-type=\"widget\" data-widget_type=\"text-editor.default\">\n\t\t\t\t<div class=\"elementor-widget-container\">\n\t\t\t\t\t\t\t\t\t<p>Pazarlama M\u00fcd\u00fcr\u00fc<\/p>\t\t\t\t\t\t\t\t<\/div>\n\t\t\t\t<\/div>\n\t\t\t\t<\/div>\n\t\t\t\t\t<\/div>\n\t\t\t\t<\/div>\n\t\t\t\t<\/div>","protected":false},"excerpt":{"rendered":"<p>F\u0131rat Naml\u0131 Partner fnamli@namli.av.tr Zeynep Nur Cengiz Senior Associate G\u00f6rkem Erden Associate Yi\u011fit Ada\u015f Associate Tu\u011fba Meran CFO Selen Even [&hellip;]<\/p>\n","protected":false},"author":1,"featured_media":0,"parent":0,"menu_order":0,"comment_status":"closed","ping_status":"closed","template":"","meta":{"site-sidebar-layout":"no-sidebar","site-content-layout":"","ast-site-content-layout":"full-width-container","site-content-style":"default","site-sidebar-style":"default","ast-global-header-display":"","ast-banner-title-visibility":"","ast-main-header-display":"","ast-hfb-above-header-display":"","ast-hfb-below-header-display":"","ast-hfb-mobile-header-display":"","site-post-title":"disabled","ast-breadcrumbs-content":"","ast-featured-img":"disabled","footer-sml-layout":"","ast-disable-related-posts":"","theme-transparent-header-meta":"","adv-header-id-meta":"","stick-header-meta":"","header-above-stick-meta":"","header-main-stick-meta":"","header-below-stick-meta":"","astra-migrate-meta-layouts":"default","ast-page-background-enabled":"default","ast-page-background-meta":{"desktop":{"background-color":"var(--ast-global-color-4)","background-image":"","background-repeat":"repeat","background-position":"center center","background-size":"auto","background-attachment":"scroll","background-type":"","background-media":"","overlay-type":"","overlay-color":"","overlay-opacity":"","overlay-gradient":""},"tablet":{"background-color":"","background-image":"","background-repeat":"repeat","background-position":"center center","background-size":"auto","background-attachment":"scroll","background-type":"","background-media":"","overlay-type":"","overlay-color":"","overlay-opacity":"","overlay-gradient":""},"mobile":{"background-color":"","background-image":"","background-repeat":"repeat","background-position":"center center","background-size":"auto","background-attachment":"scroll","background-type":"","background-media":"","overlay-type":"","overlay-color":"","overlay-opacity":"","overlay-gradient":""}},"ast-content-background-meta":{"desktop":{"background-color":"var(--ast-global-color-5)","background-image":"","background-repeat":"repeat","background-position":"center center","background-size":"auto","background-attachment":"scroll","background-type":"","background-media":"","overlay-type":"","overlay-color":"","overlay-opacity":"","overlay-gradient":""},"tablet":{"background-color":"var(--ast-global-color-5)","background-image":"","background-repeat":"repeat","background-position":"center center","background-size":"auto","background-attachment":"scroll","background-type":"","background-media":"","overlay-type":"","overlay-color":"","overlay-opacity":"","overlay-gradient":""},"mobile":{"background-color":"var(--ast-global-color-5)","background-image":"","background-repeat":"repeat","background-position":"center center","background-size":"auto","background-attachment":"scroll","background-type":"","background-media":"","overlay-type":"","overlay-color":"","overlay-opacity":"","overlay-gradient":""}},"footnotes":""},"class_list":["post-45","page","type-page","status-publish","hentry"],"_links":{"self":[{"href":"http:\/\/namli.av.tr\/tr\/wp-json\/wp\/v2\/pages\/45","targetHints":{"allow":["GET"]}}],"collection":[{"href":"http:\/\/namli.av.tr\/tr\/wp-json\/wp\/v2\/pages"}],"about":[{"href":"http:\/\/namli.av.tr\/tr\/wp-json\/wp\/v2\/types\/page"}],"author":[{"embeddable":true,"href":"http:\/\/namli.av.tr\/tr\/wp-json\/wp\/v2\/users\/1"}],"replies":[{"embeddable":true,"href":"http:\/\/namli.av.tr\/tr\/wp-json\/wp\/v2\/comments?post=45"}],"version-history":[{"count":17,"href":"http:\/\/namli.av.tr\/tr\/wp-json\/wp\/v2\/pages\/45\/revisions"}],"predecessor-version":[{"id":1508,"href":"http:\/\/namli.av.tr\/tr\/wp-json\/wp\/v2\/pages\/45\/revisions\/1508"}],"wp:attachment":[{"href":"http:\/\/namli.av.tr\/tr\/wp-json\/wp\/v2\/media?parent=45"}],"curies":[{"name":"wp","href":"https:\/\/api.w.org\/{rel}","templated":true}]}}